{"id":754,"date":"2024-10-02T10:06:44","date_gmt":"2024-10-02T08:06:44","guid":{"rendered":"https:\/\/chicandchill.de\/?page_id=754"},"modified":"2026-03-06T21:48:36","modified_gmt":"2026-03-06T20:48:36","slug":"kontakt","status":"publish","type":"page","link":"https:\/\/chicandchill.de\/\/kontakt\/","title":{"rendered":"Kontakt zu Chic &#038; Chill: Telefon, E-Mail, Adresse"},"content":{"rendered":"\t\t<div data-elementor-type=\"wp-page\" data-elementor-id=\"754\" class=\"elementor elementor-754\" data-elementor-post-type=\"page\">\n\t\t\t\t<div class=\"elementor-element elementor-element-b77aa6c e-flex e-con-boxed e-con e-parent\" data-id=\"b77aa6c\" data-element_type=\"container\" data-e-type=\"container\">\n\t\t\t\t\t<div class=\"e-con-inner\">\n\t\t<div class=\"elementor-element elementor-element-ae20be1 e-con-full e-flex e-con e-child\" data-id=\"ae20be1\" data-element_type=\"container\" data-e-type=\"container\">\n\t\t<div class=\"elementor-element elementor-element-7acced9 e-con-full e-flex e-con e-child\" data-id=\"7acced9\" data-element_type=\"container\" data-e-type=\"container\" data-settings=\"{&quot;background_background&quot;:&quot;classic&quot;}\">\n\t\t\t\t<div class=\"elementor-element elementor-element-7033db2 elementor-widget elementor-widget-global elementor-global-1334 elementor-widget-link-in-bio\" data-id=\"7033db2\" data-element_type=\"widget\" data-e-type=\"widget\" data-widget_type=\"link-in-bio.default\">\n\t\t\t\t<div class=\"elementor-widget-container\">\n\t\t\t\t\t\t\t<div class=\"e-link-in-bio e-link-in-bio is-full-width\">\n\t\t\t<div class=\"e-link-in-bio__content\">\n\n\t\t\t\t\t\t<div class=\"e-link-in-bio__identity\">\n\t\t\t\t\t\t\t\t\t<div class=\"e-link-in-bio__identity-image e-link-in-bio__identity-image-profile has-style-square\">\n\t\t\t\t\t\t\t<img loading=\"lazy\" decoding=\"async\" width=\"300\" height=\"300\" src=\"https:\/\/i0.wp.com\/chicandchill.de\/wp-content\/uploads\/2024\/09\/Wordpress-Transparent.png?fit=300%2C300&amp;ssl=1\" class=\"e-link-in-bio__identity-image-element\" alt=\"\" srcset=\"https:\/\/i0.wp.com\/chicandchill.de\/wp-content\/uploads\/2024\/09\/Wordpress-Transparent.png?w=512&amp;ssl=1 512w, https:\/\/i0.wp.com\/chicandchill.de\/wp-content\/uploads\/2024\/09\/Wordpress-Transparent.png?resize=300%2C300&amp;ssl=1 300w, https:\/\/i0.wp.com\/chicandchill.de\/wp-content\/uploads\/2024\/09\/Wordpress-Transparent.png?resize=150%2C150&amp;ssl=1 150w\" sizes=\"auto, (max-width: 300px) 100vw, 300px\" \/>\t\t\t\t\t\t\t\t\t\t\t\t\t<\/div>\n\t\t\t\t\t\t\t<\/div>\n\t\t\t\t\t<div class=\"e-link-in-bio__bio\">\n\t\t\t\t<h2 class=\"e-link-in-bio__heading\">Chic &amp; Chill<\/h2>\t\t\t\t<h3 class=\"e-link-in-bio__title\">Wie sch\u00f6n das Du hier bist.<\/h3>\t\t\t\t\t\t\t\t\t\t\t<\/div>\n\t\t\t\t\t<div class=\"e-link-in-bio__icons has-size-medium\">\n\t\t\t\t\t\t\t<div class=\"e-link-in-bio__icon is-size-medium\">\n\t\t\t\t\t<a href=\"https:\/\/www.tiktok.com\/@chicchill_friseur\" target=\"_blank\" rel=\"noopener \" aria-label=\"TikTok\" class=\"e-link-in-bio__icon-link\">\n\t\t\t\t\t\t<span class=\"e-link-in-bio__icon-svg\">\n\t\t\t\t\t\t\t<svg aria-hidden=\"true\" class=\"e-font-icon-svg e-fab-tiktok\" viewBox=\"0 0 448 512\" xmlns=\"http:\/\/www.w3.org\/2000\/svg\"><path d=\"M448,209.91a210.06,210.06,0,0,1-122.77-39.25V349.38A162.55,162.55,0,1,1,185,188.31V278.2a74.62,74.62,0,1,0,52.23,71.18V0l88,0a121.18,121.18,0,0,0,1.86,22.17h0A122.18,122.18,0,0,0,381,102.39a121.43,121.43,0,0,0,67,20.14Z\"><\/path><\/svg>\t\t\t\t\t\t<\/span>\n\t\t\t\t\t\t\t\t\t\t\t<\/a>\n\t\t\t\t<\/div>\n\t\t\t\t\t\t\t<div class=\"e-link-in-bio__icon is-size-medium\">\n\t\t\t\t\t<a href=\"https:\/\/www.instagram.com\/chicandchill_haarbaendiger\/\" target=\"_blank\" rel=\"noopener \" aria-label=\"Instagram\" class=\"e-link-in-bio__icon-link\">\n\t\t\t\t\t\t<span class=\"e-link-in-bio__icon-svg\">\n\t\t\t\t\t\t\t<svg aria-hidden=\"true\" class=\"e-font-icon-svg e-fab-instagram\" viewBox=\"0 0 448 512\" xmlns=\"http:\/\/www.w3.org\/2000\/svg\"><path d=\"M224.1 141c-63.6 0-114.9 51.3-114.9 114.9s51.3 114.9 114.9 114.9S339 319.5 339 255.9 287.7 141 224.1 141zm0 189.6c-41.1 0-74.7-33.5-74.7-74.7s33.5-74.7 74.7-74.7 74.7 33.5 74.7 74.7-33.6 74.7-74.7 74.7zm146.4-194.3c0 14.9-12 26.8-26.8 26.8-14.9 0-26.8-12-26.8-26.8s12-26.8 26.8-26.8 26.8 12 26.8 26.8zm76.1 27.2c-1.7-35.9-9.9-67.7-36.2-93.9-26.2-26.2-58-34.4-93.9-36.2-37-2.1-147.9-2.1-184.9 0-35.8 1.7-67.6 9.9-93.9 36.1s-34.4 58-36.2 93.9c-2.1 37-2.1 147.9 0 184.9 1.7 35.9 9.9 67.7 36.2 93.9s58 34.4 93.9 36.2c37 2.1 147.9 2.1 184.9 0 35.9-1.7 67.7-9.9 93.9-36.2 26.2-26.2 34.4-58 36.2-93.9 2.1-37 2.1-147.8 0-184.8zM398.8 388c-7.8 19.6-22.9 34.7-42.6 42.6-29.5 11.7-99.5 9-132.1 9s-102.7 2.6-132.1-9c-19.6-7.8-34.7-22.9-42.6-42.6-11.7-29.5-9-99.5-9-132.1s-2.6-102.7 9-132.1c7.8-19.6 22.9-34.7 42.6-42.6 29.5-11.7 99.5-9 132.1-9s102.7-2.6 132.1 9c19.6 7.8 34.7 22.9 42.6 42.6 11.7 29.5 9 99.5 9 132.1s2.7 102.7-9 132.1z\"><\/path><\/svg>\t\t\t\t\t\t<\/span>\n\t\t\t\t\t\t\t\t\t\t\t<\/a>\n\t\t\t\t<\/div>\n\t\t\t\t\t\t\t<div class=\"e-link-in-bio__icon is-size-medium\">\n\t\t\t\t\t<a aria-label=\"Telephone\" class=\"e-link-in-bio__icon-link\" href=\"tel:004934332606474\">\n\t\t\t\t\t\t<span class=\"e-link-in-bio__icon-svg\">\n\t\t\t\t\t\t\t<svg aria-hidden=\"true\" class=\"e-font-icon-svg e-fas-phone-alt\" viewBox=\"0 0 512 512\" xmlns=\"http:\/\/www.w3.org\/2000\/svg\"><path d=\"M497.39 361.8l-112-48a24 24 0 0 0-28 6.9l-49.6 60.6A370.66 370.66 0 0 1 130.6 204.11l60.6-49.6a23.94 23.94 0 0 0 6.9-28l-48-112A24.16 24.16 0 0 0 122.6.61l-104 24A24 24 0 0 0 0 48c0 256.5 207.9 464 464 464a24 24 0 0 0 23.4-18.6l24-104a24.29 24.29 0 0 0-14.01-27.6z\"><\/path><\/svg>\t\t\t\t\t\t<\/span>\n\t\t\t\t\t\t\t\t\t\t\t<\/a>\n\t\t\t\t<\/div>\n\t\t\t\t\t<\/div>\n\t\t\n\t\t<div class=\"e-link-in-bio__ctas has-type-button\">\n\t\t\t\t\t\t\t<a href=\"https:\/\/chicandchill.de\/review\" target=\"_blank\" rel=\"noopener \" class=\"e-link-in-bio__cta is-type-button has-corners-round\">\n\t\t\t\t\t\t\t\t\t\t<span class=\"e-link-in-bio__cta-text\">\n\t\t\t\t\t\tJetzt bewerten &gt;\t\t\t\t\t<\/span>\n\t\t\t\t<\/a>\n\t\t\t\t\t\t\t<a href=\"#elementor-action%3Aaction%3Dpopup%3Aopen%26settings%3DeyJpZCI6Ijc3MDYiLCJ0b2dnbGUiOmZhbHNlfQ%3D%3D\" target=\"_blank\" rel=\"noopener \" class=\"e-link-in-bio__cta is-type-button has-corners-round\">\n\t\t\t\t\t\t\t\t\t\t<span class=\"e-link-in-bio__cta-text\">\n\t\t\t\t\t\tOnline Termin buchen\t\t\t\t\t<\/span>\n\t\t\t\t<\/a>\n\t\t\t\t\t\t\t<a href=\"https:\/\/chicandchill.de\" target=\"_blank\" rel=\"noopener \" class=\"e-link-in-bio__cta is-type-button has-corners-round\">\n\t\t\t\t\t\t\t\t\t\t<span class=\"e-link-in-bio__cta-text\">\n\t\t\t\t\t\tWebseite besuchen\t\t\t\t\t<\/span>\n\t\t\t\t<\/a>\n\t\t\t\t\t\t\t<a href=\"https:\/\/chicandchill.de\/preisliste\/\" target=\"_blank\" rel=\"noopener \" class=\"e-link-in-bio__cta is-type-button has-corners-round\">\n\t\t\t\t\t\t\t\t\t\t<span class=\"e-link-in-bio__cta-text\">\n\t\t\t\t\t\tPreisliste\t\t\t\t\t<\/span>\n\t\t\t\t<\/a>\n\t\t\t\t\t<\/div>\n\t\t\n\t\t\t<\/div>\n\t\t\t<div class=\"e-link-in-bio__bg\">\n\t\t\t\t<div class=\"e-link-in-bio__bg-overlay\"><\/div>\n\t\t\t<\/div>\n\t\t<\/div>\n\t\t\t\t\t\t<\/div>\n\t\t\t\t<\/div>\n\t\t\t\t<\/div>\n\t\t\t\t<\/div>\n\t\t\t\t\t<\/div>\n\t\t\t\t<\/div>\n\t\t\t\t<\/div>\n\t\t","protected":false},"excerpt":{"rendered":"<p>Chic &amp; Chill Wie sch\u00f6n das Du hier bist. [trustindex data-widget-id=280cc574060b3664164651cca15] Bei Google bewerten Online Termin buchen Webseite besuchen Preisliste<\/p>\n","protected":false},"author":1,"featured_media":0,"parent":0,"menu_order":17,"comment_status":"closed","ping_status":"closed","template":"","meta":{"_acf_changed":false,"footnotes":""},"class_list":["post-754","page","type-page","status-publish","hentry"],"acf":[],"yoast_head":"<!-- This site is optimized with the Yoast SEO plugin v27.4 - https:\/\/yoast.com\/product\/yoast-seo-wordpress\/ -->\n<title>Hier finden Sie unsere Kontakt M\u00f6glichkeiten. Chic and Chill Borna<\/title>\n<meta name=\"description\" content=\"Entdecken Sie die vielf\u00e4ltigen Kontaktm\u00f6glichkeiten bei Chic &amp; Chill in Borna. Rufen Sie uns an, besuchen Sie uns vor Ort oder buchen Sie ganz einfach online Ihren Termin.\" \/>\n<meta name=\"robots\" content=\"index, follow, max-snippet:-1, max-image-preview:large, max-video-preview:-1\" \/>\n<link rel=\"canonical\" href=\"https:\/\/chicandchill.de\/\/kontakt\/\" \/>\n<meta property=\"og:locale\" content=\"de_DE\" \/>\n<meta property=\"og:type\" content=\"article\" \/>\n<meta property=\"og:title\" content=\"Hier finden Sie unsere Kontakt M\u00f6glichkeiten. Chic and Chill Borna\" \/>\n<meta property=\"og:description\" content=\"Entdecken Sie die vielf\u00e4ltigen Kontaktm\u00f6glichkeiten bei Chic &amp; Chill in Borna. Rufen Sie uns an, besuchen Sie uns vor Ort oder buchen Sie ganz einfach online Ihren Termin.\" \/>\n<meta property=\"og:url\" content=\"https:\/\/chicandchill.de\/\/kontakt\/\" \/>\n<meta property=\"og:site_name\" content=\"Chic and Chill Friseur &amp; Barbier\" \/>\n<meta property=\"article:modified_time\" content=\"2026-03-06T20:48:36+00:00\" \/>\n<meta property=\"og:image\" content=\"https:\/\/chicandchill.de\/wp-content\/uploads\/2024\/09\/Wordpress-Transparent-300x300.png\" \/>\n<meta name=\"twitter:card\" content=\"summary_large_image\" \/>\n<meta name=\"twitter:label1\" content=\"Gesch\u00e4tzte Lesezeit\" \/>\n\t<meta name=\"twitter:data1\" content=\"1\u00a0Minute\" \/>\n<script type=\"application\/ld+json\" class=\"yoast-schema-graph\">{\"@context\":\"https:\\\/\\\/schema.org\",\"@graph\":[{\"@type\":\"WebPage\",\"@id\":\"https:\\\/\\\/chicandchill.de\\\/\\\/kontakt\\\/\",\"url\":\"https:\\\/\\\/chicandchill.de\\\/\\\/kontakt\\\/\",\"name\":\"Hier finden Sie unsere Kontakt M\u00f6glichkeiten. Chic and Chill Borna\",\"isPartOf\":{\"@id\":\"https:\\\/\\\/chicandchill.de\\\/#website\"},\"primaryImageOfPage\":{\"@id\":\"https:\\\/\\\/chicandchill.de\\\/\\\/kontakt\\\/#primaryimage\"},\"image\":{\"@id\":\"https:\\\/\\\/chicandchill.de\\\/\\\/kontakt\\\/#primaryimage\"},\"thumbnailUrl\":\"https:\\\/\\\/chicandchill.de\\\/wp-content\\\/uploads\\\/2024\\\/09\\\/Wordpress-Transparent-300x300.png\",\"datePublished\":\"2024-10-02T08:06:44+00:00\",\"dateModified\":\"2026-03-06T20:48:36+00:00\",\"description\":\"Entdecken Sie die vielf\u00e4ltigen Kontaktm\u00f6glichkeiten bei Chic & Chill in Borna. Rufen Sie uns an, besuchen Sie uns vor Ort oder buchen Sie ganz einfach online Ihren Termin.\",\"breadcrumb\":{\"@id\":\"https:\\\/\\\/chicandchill.de\\\/\\\/kontakt\\\/#breadcrumb\"},\"inLanguage\":\"de\",\"potentialAction\":[{\"@type\":\"ReadAction\",\"target\":[\"https:\\\/\\\/chicandchill.de\\\/\\\/kontakt\\\/\"]}]},{\"@type\":\"ImageObject\",\"inLanguage\":\"de\",\"@id\":\"https:\\\/\\\/chicandchill.de\\\/\\\/kontakt\\\/#primaryimage\",\"url\":\"https:\\\/\\\/i0.wp.com\\\/chicandchill.de\\\/wp-content\\\/uploads\\\/2024\\\/09\\\/Wordpress-Transparent.png?fit=512%2C512&ssl=1\",\"contentUrl\":\"https:\\\/\\\/i0.wp.com\\\/chicandchill.de\\\/wp-content\\\/uploads\\\/2024\\\/09\\\/Wordpress-Transparent.png?fit=512%2C512&ssl=1\",\"width\":512,\"height\":512},{\"@type\":\"BreadcrumbList\",\"@id\":\"https:\\\/\\\/chicandchill.de\\\/\\\/kontakt\\\/#breadcrumb\",\"itemListElement\":[{\"@type\":\"ListItem\",\"position\":1,\"name\":\"Startseite\",\"item\":\"https:\\\/\\\/chicandchill.de\\\/\"},{\"@type\":\"ListItem\",\"position\":2,\"name\":\"Kontakt zu Chic &#038; Chill: Telefon, E-Mail, Adresse\"}]},{\"@type\":\"WebSite\",\"@id\":\"https:\\\/\\\/chicandchill.de\\\/#website\",\"url\":\"https:\\\/\\\/chicandchill.de\\\/\",\"name\":\"Chic & Chill \u2013 Friseur in Borna bei Leipzig & Chemnitz\",\"description\":\"Dein Style. Unser Handwerk.\",\"publisher\":{\"@id\":\"https:\\\/\\\/chicandchill.de\\\/#organization\"},\"alternateName\":\"Chic & Chill Friseur Borna\",\"potentialAction\":[{\"@type\":\"SearchAction\",\"target\":{\"@type\":\"EntryPoint\",\"urlTemplate\":\"https:\\\/\\\/chicandchill.de\\\/?s={search_term_string}\"},\"query-input\":{\"@type\":\"PropertyValueSpecification\",\"valueRequired\":true,\"valueName\":\"search_term_string\"}}],\"inLanguage\":\"de\"},{\"@type\":\"Organization\",\"@id\":\"https:\\\/\\\/chicandchill.de\\\/#organization\",\"name\":\"Chic & Chill \u2013 Friseur in Borna bei Leipzig & Chemnitz\",\"alternateName\":\"Chic & Chill Friseur Borna\",\"url\":\"https:\\\/\\\/chicandchill.de\\\/\",\"logo\":{\"@type\":\"ImageObject\",\"inLanguage\":\"de\",\"@id\":\"https:\\\/\\\/chicandchill.de\\\/#\\\/schema\\\/logo\\\/image\\\/\",\"url\":\"https:\\\/\\\/i0.wp.com\\\/chicandchill.de\\\/wp-content\\\/uploads\\\/2024\\\/09\\\/Transparent-Logo.png?fit=2396%2C1221&ssl=1\",\"contentUrl\":\"https:\\\/\\\/i0.wp.com\\\/chicandchill.de\\\/wp-content\\\/uploads\\\/2024\\\/09\\\/Transparent-Logo.png?fit=2396%2C1221&ssl=1\",\"width\":2396,\"height\":1221,\"caption\":\"Chic & Chill \u2013 Friseur in Borna bei Leipzig & Chemnitz\"},\"image\":{\"@id\":\"https:\\\/\\\/chicandchill.de\\\/#\\\/schema\\\/logo\\\/image\\\/\"},\"sameAs\":[\"https:\\\/\\\/www.instagram.com\\\/chicandchill_haarbaendiger\\\/\"]}]}<\/script>\n<!-- \/ Yoast SEO plugin. -->","yoast_head_json":{"title":"Hier finden Sie unsere Kontakt M\u00f6glichkeiten. Chic and Chill Borna","description":"Entdecken Sie die vielf\u00e4ltigen Kontaktm\u00f6glichkeiten bei Chic & Chill in Borna. Rufen Sie uns an, besuchen Sie uns vor Ort oder buchen Sie ganz einfach online Ihren Termin.","robots":{"index":"index","follow":"follow","max-snippet":"max-snippet:-1","max-image-preview":"max-image-preview:large","max-video-preview":"max-video-preview:-1"},"canonical":"https:\/\/chicandchill.de\/\/kontakt\/","og_locale":"de_DE","og_type":"article","og_title":"Hier finden Sie unsere Kontakt M\u00f6glichkeiten. Chic and Chill Borna","og_description":"Entdecken Sie die vielf\u00e4ltigen Kontaktm\u00f6glichkeiten bei Chic & Chill in Borna. Rufen Sie uns an, besuchen Sie uns vor Ort oder buchen Sie ganz einfach online Ihren Termin.","og_url":"https:\/\/chicandchill.de\/\/kontakt\/","og_site_name":"Chic and Chill Friseur &amp; Barbier","article_modified_time":"2026-03-06T20:48:36+00:00","og_image":[{"url":"https:\/\/chicandchill.de\/wp-content\/uploads\/2024\/09\/Wordpress-Transparent-300x300.png","type":"","width":"","height":""}],"twitter_card":"summary_large_image","twitter_misc":{"Gesch\u00e4tzte Lesezeit":"1\u00a0Minute"},"schema":{"@context":"https:\/\/schema.org","@graph":[{"@type":"WebPage","@id":"https:\/\/chicandchill.de\/\/kontakt\/","url":"https:\/\/chicandchill.de\/\/kontakt\/","name":"Hier finden Sie unsere Kontakt M\u00f6glichkeiten. Chic and Chill Borna","isPartOf":{"@id":"https:\/\/chicandchill.de\/#website"},"primaryImageOfPage":{"@id":"https:\/\/chicandchill.de\/\/kontakt\/#primaryimage"},"image":{"@id":"https:\/\/chicandchill.de\/\/kontakt\/#primaryimage"},"thumbnailUrl":"https:\/\/chicandchill.de\/wp-content\/uploads\/2024\/09\/Wordpress-Transparent-300x300.png","datePublished":"2024-10-02T08:06:44+00:00","dateModified":"2026-03-06T20:48:36+00:00","description":"Entdecken Sie die vielf\u00e4ltigen Kontaktm\u00f6glichkeiten bei Chic & Chill in Borna. Rufen Sie uns an, besuchen Sie uns vor Ort oder buchen Sie ganz einfach online Ihren Termin.","breadcrumb":{"@id":"https:\/\/chicandchill.de\/\/kontakt\/#breadcrumb"},"inLanguage":"de","potentialAction":[{"@type":"ReadAction","target":["https:\/\/chicandchill.de\/\/kontakt\/"]}]},{"@type":"ImageObject","inLanguage":"de","@id":"https:\/\/chicandchill.de\/\/kontakt\/#primaryimage","url":"https:\/\/i0.wp.com\/chicandchill.de\/wp-content\/uploads\/2024\/09\/Wordpress-Transparent.png?fit=512%2C512&ssl=1","contentUrl":"https:\/\/i0.wp.com\/chicandchill.de\/wp-content\/uploads\/2024\/09\/Wordpress-Transparent.png?fit=512%2C512&ssl=1","width":512,"height":512},{"@type":"BreadcrumbList","@id":"https:\/\/chicandchill.de\/\/kontakt\/#breadcrumb","itemListElement":[{"@type":"ListItem","position":1,"name":"Startseite","item":"https:\/\/chicandchill.de\/"},{"@type":"ListItem","position":2,"name":"Kontakt zu Chic &#038; Chill: Telefon, E-Mail, Adresse"}]},{"@type":"WebSite","@id":"https:\/\/chicandchill.de\/#website","url":"https:\/\/chicandchill.de\/","name":"Chic & Chill \u2013 Friseur in Borna bei Leipzig & Chemnitz","description":"Dein Style. Unser Handwerk.","publisher":{"@id":"https:\/\/chicandchill.de\/#organization"},"alternateName":"Chic & Chill Friseur Borna","potentialAction":[{"@type":"SearchAction","target":{"@type":"EntryPoint","urlTemplate":"https:\/\/chicandchill.de\/?s={search_term_string}"},"query-input":{"@type":"PropertyValueSpecification","valueRequired":true,"valueName":"search_term_string"}}],"inLanguage":"de"},{"@type":"Organization","@id":"https:\/\/chicandchill.de\/#organization","name":"Chic & Chill \u2013 Friseur in Borna bei Leipzig & Chemnitz","alternateName":"Chic & Chill Friseur Borna","url":"https:\/\/chicandchill.de\/","logo":{"@type":"ImageObject","inLanguage":"de","@id":"https:\/\/chicandchill.de\/#\/schema\/logo\/image\/","url":"https:\/\/i0.wp.com\/chicandchill.de\/wp-content\/uploads\/2024\/09\/Transparent-Logo.png?fit=2396%2C1221&ssl=1","contentUrl":"https:\/\/i0.wp.com\/chicandchill.de\/wp-content\/uploads\/2024\/09\/Transparent-Logo.png?fit=2396%2C1221&ssl=1","width":2396,"height":1221,"caption":"Chic & Chill \u2013 Friseur in Borna bei Leipzig & Chemnitz"},"image":{"@id":"https:\/\/chicandchill.de\/#\/schema\/logo\/image\/"},"sameAs":["https:\/\/www.instagram.com\/chicandchill_haarbaendiger\/"]}]}},"jetpack_sharing_enabled":true,"_links":{"self":[{"href":"https:\/\/chicandchill.de\/\/wp-json\/wp\/v2\/pages\/754","targetHints":{"allow":["GET"]}}],"collection":[{"href":"https:\/\/chicandchill.de\/\/wp-json\/wp\/v2\/pages"}],"about":[{"href":"https:\/\/chicandchill.de\/\/wp-json\/wp\/v2\/types\/page"}],"author":[{"embeddable":true,"href":"https:\/\/chicandchill.de\/\/wp-json\/wp\/v2\/users\/1"}],"replies":[{"embeddable":true,"href":"https:\/\/chicandchill.de\/\/wp-json\/wp\/v2\/comments?post=754"}],"version-history":[{"count":3,"href":"https:\/\/chicandchill.de\/\/wp-json\/wp\/v2\/pages\/754\/revisions"}],"predecessor-version":[{"id":14022,"href":"https:\/\/chicandchill.de\/\/wp-json\/wp\/v2\/pages\/754\/revisions\/14022"}],"wp:attachment":[{"href":"https:\/\/chicandchill.de\/\/wp-json\/wp\/v2\/media?parent=754"}],"curies":[{"name":"wp","href":"https:\/\/api.w.org\/{rel}","templated":true}]}}